{"id":1694,"date":"2025-04-07T20:16:15","date_gmt":"2025-04-07T20:16:15","guid":{"rendered":"https:\/\/hajacorteziawines.pt\/?page_id=1694"},"modified":"2025-05-03T10:39:03","modified_gmt":"2025-05-03T10:39:03","slug":"branco","status":"publish","type":"page","link":"https:\/\/hajacorteziawines.pt\/en\/branco\/","title":{"rendered":"Branco"},"content":{"rendered":"<div data-elementor-type=\"wp-page\" data-elementor-id=\"1694\" class=\"elementor elementor-1694\">\n\t\t\t\t\t\t\t\t\t<section class=\"elementor-section elementor-top-section elementor-element elementor-element-302f7259 elementor-section-boxed elementor-section-height-default elementor-section-height-default\" data-id=\"302f7259\" data-element_type=\"section\">\n\t\t\t\t\t\t<div class=\"elementor-container elementor-column-gap-default\">\n\t\t\t\t\t<div class=\"elementor-column elementor-col-100 elementor-top-column elementor-element elementor-element-2d160324\" data-id=\"2d160324\" data-element_type=\"column\">\n\t\t\t<div class=\"elementor-widget-wrap elementor-element-populated\">\n\t\t\t\t\t\t\t\t<div class=\"elementor-element elementor-element-3c48d8a6 elementor-widget elementor-widget-image\" data-id=\"3c48d8a6\" data-element_type=\"widget\" data-widget_type=\"image.default\">\n\t\t\t\t<div class=\"elementor-widget-container\">\n\t\t\t\t\t\t\t\t\t\t\t\t\t\t\t<img loading=\"lazy\" decoding=\"async\" width=\"1077\" height=\"936\" src=\"https:\/\/hajacorteziawines.pt\/wp-content\/uploads\/2025\/05\/branco.png\" class=\"attachment-full size-full wp-image-1755\" alt=\"\" srcset=\"https:\/\/hajacorteziawines.pt\/wp-content\/uploads\/2025\/05\/branco.png 1077w, https:\/\/hajacorteziawines.pt\/wp-content\/uploads\/2025\/05\/branco-300x261.png 300w, https:\/\/hajacorteziawines.pt\/wp-content\/uploads\/2025\/05\/branco-1024x890.png 1024w, https:\/\/hajacorteziawines.pt\/wp-content\/uploads\/2025\/05\/branco-768x667.png 768w, https:\/\/hajacorteziawines.pt\/wp-content\/uploads\/2025\/05\/branco-14x12.png 14w\" sizes=\"auto, (max-width: 1077px) 100vw, 1077px\" \/>\t\t\t\t\t\t\t\t\t\t\t\t\t\t\t<\/div>\n\t\t\t\t<\/div>\n\t\t\t\t\t<\/div>\n\t\t<\/div>\n\t\t\t\t\t\t\t<\/div>\n\t\t<\/section>\n\t\t\t\t<section class=\"elementor-section elementor-top-section elementor-element elementor-element-7f853201 elementor-section-boxed elementor-section-height-default elementor-section-height-default\" data-id=\"7f853201\" data-element_type=\"section\">\n\t\t\t\t\t\t<div class=\"elementor-container elementor-column-gap-default\">\n\t\t\t\t\t<div class=\"elementor-column elementor-col-100 elementor-top-column elementor-element elementor-element-41d26216\" data-id=\"41d26216\" data-element_type=\"column\">\n\t\t\t<div class=\"elementor-widget-wrap elementor-element-populated\">\n\t\t\t\t\t\t\t\t<div class=\"elementor-element elementor-element-32dbc149 elementor-widget elementor-widget-html\" data-id=\"32dbc149\" data-element_type=\"widget\" data-widget_type=\"html.default\">\n\t\t\t\t<div class=\"elementor-widget-container\">\n\t\t\t<h1 align=\"center\" style=\"color:#181818;font-size:270%\">White Wine<\/h1>\t\t<\/div>\n\t\t\t\t<\/div>\n\t\t\t\t\t<\/div>\n\t\t<\/div>\n\t\t\t\t\t\t\t<\/div>\n\t\t<\/section>\n\t\t\t\t<section class=\"elementor-section elementor-top-section elementor-element elementor-element-759b262c elementor-section-boxed elementor-section-height-default elementor-section-height-default\" data-id=\"759b262c\" data-element_type=\"section\">\n\t\t\t\t\t\t<div class=\"elementor-container elementor-column-gap-no\">\n\t\t\t\t\t<div class=\"elementor-column elementor-col-100 elementor-top-column elementor-element elementor-element-33b25b0e\" data-id=\"33b25b0e\" data-element_type=\"column\">\n\t\t\t<div class=\"elementor-widget-wrap elementor-element-populated\">\n\t\t\t\t\t\t\t\t<div class=\"elementor-element elementor-element-45a84b29 elementor-widget elementor-widget-html\" data-id=\"45a84b29\" data-element_type=\"widget\" data-widget_type=\"html.default\">\n\t\t\t\t<div class=\"elementor-widget-container\">\n\t\t\t<p align=\"center\" style=\"color:#181818;font-size:120%\">Produzido em: Portugal<\/p>\t\t<\/div>\n\t\t\t\t<\/div>\n\t\t\t\t\t<\/div>\n\t\t<\/div>\n\t\t\t\t\t\t\t<\/div>\n\t\t<\/section>\n\t\t\t\t<section class=\"elementor-section elementor-top-section elementor-element elementor-element-51f7e46a elementor-section-boxed elementor-section-height-default elementor-section-height-default\" data-id=\"51f7e46a\" data-element_type=\"section\">\n\t\t\t\t\t\t<div class=\"elementor-container elementor-column-gap-no\">\n\t\t\t\t\t<div class=\"elementor-column elementor-col-100 elementor-top-column elementor-element elementor-element-71c68820\" data-id=\"71c68820\" data-element_type=\"column\">\n\t\t\t<div class=\"elementor-widget-wrap elementor-element-populated\">\n\t\t\t\t\t\t\t\t<div class=\"elementor-element elementor-element-23e03384 elementor-widget elementor-widget-spacer\" data-id=\"23e03384\" data-element_type=\"widget\" data-widget_type=\"spacer.default\">\n\t\t\t\t<div class=\"elementor-widget-container\">\n\t\t\t\t\t<div class=\"elementor-spacer\">\n\t\t\t<div class=\"elementor-spacer-inner\"><\/div>\n\t\t<\/div>\n\t\t\t\t<\/div>\n\t\t\t\t<\/div>\n\t\t\t\t\t<\/div>\n\t\t<\/div>\n\t\t\t\t\t\t\t<\/div>\n\t\t<\/section>\n\t\t\t\t<section class=\"elementor-section elementor-top-section elementor-element elementor-element-cc0979f elementor-section-boxed elementor-section-height-default elementor-section-height-default\" data-id=\"cc0979f\" data-element_type=\"section\">\n\t\t\t\t\t\t<div class=\"elementor-container elementor-column-gap-no\">\n\t\t\t\t\t<div class=\"elementor-column elementor-col-100 elementor-top-column elementor-element elementor-element-44162426\" data-id=\"44162426\" data-element_type=\"column\" data-settings=\"{&quot;background_background&quot;:&quot;classic&quot;}\">\n\t\t\t<div class=\"elementor-widget-wrap elementor-element-populated\">\n\t\t\t\t\t\t\t\t<div class=\"elementor-element elementor-element-6a5aee2e elementor-widget elementor-widget-html\" data-id=\"6a5aee2e\" data-element_type=\"widget\" data-widget_type=\"html.default\">\n\t\t\t\t<div class=\"elementor-widget-container\">\n\t\t\t<h1 align=\"center\" style=\"color:#181818;font-size:160%\"><b>Informa\u00e7\u00e3o do Produto<\/b><\/h1>\n<br>\n\n<p align=\"justify\" style=\"color:#181818;font-size:120%\">\n\n<b>Tipo de produto:<\/b> Vinho<br>\n<b>\u00c1lcool:<\/b> 12,5% vol<br>\n<b>Quantidade l\u00edquida:<\/b> 750 ml<br>\n<b>Cor do vinho:<\/b> Vinho branco\n<br>\n\n\n<\/p>\n\t\t<\/div>\n\t\t\t\t<\/div>\n\t\t\t\t\t<\/div>\n\t\t<\/div>\n\t\t\t\t\t\t\t<\/div>\n\t\t<\/section>\n\t\t\t\t<section class=\"elementor-section elementor-top-section elementor-element elementor-element-6667f782 elementor-section-boxed elementor-section-height-default elementor-section-height-default\" data-id=\"6667f782\" data-element_type=\"section\">\n\t\t\t\t\t\t<div class=\"elementor-container elementor-column-gap-no\">\n\t\t\t\t\t<div class=\"elementor-column elementor-col-100 elementor-top-column elementor-element elementor-element-5a8971d9\" data-id=\"5a8971d9\" data-element_type=\"column\">\n\t\t\t<div class=\"elementor-widget-wrap elementor-element-populated\">\n\t\t\t\t\t\t\t\t<div class=\"elementor-element elementor-element-4e094f69 elementor-widget elementor-widget-spacer\" data-id=\"4e094f69\" data-element_type=\"widget\" data-widget_type=\"spacer.default\">\n\t\t\t\t<div class=\"elementor-widget-container\">\n\t\t\t\t\t<div class=\"elementor-spacer\">\n\t\t\t<div class=\"elementor-spacer-inner\"><\/div>\n\t\t<\/div>\n\t\t\t\t<\/div>\n\t\t\t\t<\/div>\n\t\t\t\t\t<\/div>\n\t\t<\/div>\n\t\t\t\t\t\t\t<\/div>\n\t\t<\/section>\n\t\t\t\t<section class=\"elementor-section elementor-top-section elementor-element elementor-element-5784f2e9 elementor-section-boxed elementor-section-height-default elementor-section-height-default\" data-id=\"5784f2e9\" data-element_type=\"section\">\n\t\t\t\t\t\t<div class=\"elementor-container elementor-column-gap-no\">\n\t\t\t\t\t<div class=\"elementor-column elementor-col-100 elementor-top-column elementor-element elementor-element-74094030\" data-id=\"74094030\" data-element_type=\"column\">\n\t\t\t<div class=\"elementor-widget-wrap elementor-element-populated\">\n\t\t\t\t\t\t\t\t<div class=\"elementor-element elementor-element-5238a1ca elementor-widget elementor-widget-html\" data-id=\"5238a1ca\" data-element_type=\"widget\" data-widget_type=\"html.default\">\n\t\t\t\t<div class=\"elementor-widget-container\">\n\t\t\t<h1 align=\"center\" style=\"color:#181818;font-size:160%\"><b>Ingredientes<\/b><\/h1>\n<br>\n\n<p style=\"color:#181818;font-size:120%\">\n\n- Uvas<br>\n- Conservantes (<b>sulfitos<\/b>)\n\n\n<\/p>\n\t\t<\/div>\n\t\t\t\t<\/div>\n\t\t\t\t\t<\/div>\n\t\t<\/div>\n\t\t\t\t\t\t\t<\/div>\n\t\t<\/section>\n\t\t\t\t<section class=\"elementor-section elementor-top-section elementor-element elementor-element-6e926aac elementor-section-boxed elementor-section-height-default elementor-section-height-default\" data-id=\"6e926aac\" data-element_type=\"section\">\n\t\t\t\t\t\t<div class=\"elementor-container elementor-column-gap-no\">\n\t\t\t\t\t<div class=\"elementor-column elementor-col-100 elementor-top-column elementor-element elementor-element-6cbd23fa\" data-id=\"6cbd23fa\" data-element_type=\"column\">\n\t\t\t<div class=\"elementor-widget-wrap elementor-element-populated\">\n\t\t\t\t\t\t\t\t<div class=\"elementor-element elementor-element-1d8d21c6 elementor-widget elementor-widget-spacer\" data-id=\"1d8d21c6\" data-element_type=\"widget\" data-widget_type=\"spacer.default\">\n\t\t\t\t<div class=\"elementor-widget-container\">\n\t\t\t\t\t<div class=\"elementor-spacer\">\n\t\t\t<div class=\"elementor-spacer-inner\"><\/div>\n\t\t<\/div>\n\t\t\t\t<\/div>\n\t\t\t\t<\/div>\n\t\t\t\t\t<\/div>\n\t\t<\/div>\n\t\t\t\t\t\t\t<\/div>\n\t\t<\/section>\n\t\t\t\t<section class=\"elementor-section elementor-top-section elementor-element elementor-element-366cd7d7 elementor-section-boxed elementor-section-height-default elementor-section-height-default\" data-id=\"366cd7d7\" data-element_type=\"section\">\n\t\t\t\t\t\t<div class=\"elementor-container elementor-column-gap-no\">\n\t\t\t\t\t<div class=\"elementor-column elementor-col-100 elementor-top-column elementor-element elementor-element-640fedb3\" data-id=\"640fedb3\" data-element_type=\"column\" data-settings=\"{&quot;background_background&quot;:&quot;classic&quot;}\">\n\t\t\t<div class=\"elementor-widget-wrap elementor-element-populated\">\n\t\t\t\t\t\t\t\t<div class=\"elementor-element elementor-element-4655158c elementor-widget elementor-widget-html\" data-id=\"4655158c\" data-element_type=\"widget\" data-widget_type=\"html.default\">\n\t\t\t\t<div class=\"elementor-widget-container\">\n\t\t\t<h1 align=\"center\" style=\"color:#181818;font-size:160%\"><b>Declara\u00e7\u00e3o Nutricional<\/b><\/h1>\n<br>\n\n<table style=\"border-collapse: collapse; width: 100%; border: none;\">\n  <tr style=\"border-bottom: 1px solid #ccc; border-top: none;\">\n    <td style=\"border: none; padding: 8px;\"><\/td>\n    <td style=\"border: none; padding: 8px;\"><b>Por 100 ml<\/b><\/td>\n  <\/tr>\n  <tr style=\"border-bottom: 1px solid #ccc;\">\n    <td style=\"border: none; padding: 8px;\">Energia<br>&nbsp;<\/td>\n    <td style=\"border: none; padding: 8px;\">299 kJ<br>72 kcal<\/td>\n  <\/tr>\n  <tr style=\"border-bottom: 1px solid #ccc;\">\n    <td style=\"border: none; padding: 8px;\">L\u00edpidos<br>&nbsp;&nbsp;&nbsp;dos quais saturados<\/td>\n    <td style=\"border: none; padding: 8px;\">0 g<br>0 g<\/td>\n  <\/tr>\n  <tr style=\"border-bottom: 1px solid #ccc;\">\n    <td style=\"border: none; padding: 8px;\">Hidratos de carbono<br>&nbsp;&nbsp;&nbsp;dos quais a\u00e7\u00facares<\/td>\n    <td style=\"border: none; padding: 8px;\">0,1 g<br>0,1 g<\/td>\n  <\/tr>\n  <tr style=\"border-bottom: 1px solid #ccc;\">\n    <td style=\"border: none; padding: 8px;\">Prote\u00ednas<\/td>\n    <td style=\"border: none; padding: 8px;\">0 g<\/td>\n  <\/tr>\n  <tr style=\"border-bottom: none;\">\n    <td style=\"border: none; padding: 8px;\">Sal<\/td>\n    <td style=\"border: none; padding: 8px;\">0 g<\/td>\n  <\/tr>\n<\/table>\n\t\t<\/div>\n\t\t\t\t<\/div>\n\t\t\t\t\t<\/div>\n\t\t<\/div>\n\t\t\t\t\t\t\t<\/div>\n\t\t<\/section>\n\t\t\t\t<section class=\"elementor-section elementor-top-section elementor-element elementor-element-3ccf7cfc elementor-section-boxed elementor-section-height-default elementor-section-height-default\" data-id=\"3ccf7cfc\" data-element_type=\"section\">\n\t\t\t\t\t\t<div class=\"elementor-container elementor-column-gap-no\">\n\t\t\t\t\t<div class=\"elementor-column elementor-col-100 elementor-top-column elementor-element elementor-element-6e90e53a\" data-id=\"6e90e53a\" data-element_type=\"column\">\n\t\t\t<div class=\"elementor-widget-wrap elementor-element-populated\">\n\t\t\t\t\t\t\t\t<div class=\"elementor-element elementor-element-3ee026d5 elementor-widget elementor-widget-spacer\" data-id=\"3ee026d5\" data-element_type=\"widget\" data-widget_type=\"spacer.default\">\n\t\t\t\t<div class=\"elementor-widget-container\">\n\t\t\t\t\t<div class=\"elementor-spacer\">\n\t\t\t<div class=\"elementor-spacer-inner\"><\/div>\n\t\t<\/div>\n\t\t\t\t<\/div>\n\t\t\t\t<\/div>\n\t\t\t\t\t<\/div>\n\t\t<\/div>\n\t\t\t\t\t\t\t<\/div>\n\t\t<\/section>\n\t\t\t\t<section class=\"elementor-section elementor-top-section elementor-element elementor-element-3f6905bb elementor-section-boxed elementor-section-height-default elementor-section-height-default\" data-id=\"3f6905bb\" data-element_type=\"section\">\n\t\t\t\t\t\t<div class=\"elementor-container elementor-column-gap-no\">\n\t\t\t\t\t<div class=\"elementor-column elementor-col-100 elementor-top-column elementor-element elementor-element-41f8ed3d\" data-id=\"41f8ed3d\" data-element_type=\"column\">\n\t\t\t<div class=\"elementor-widget-wrap elementor-element-populated\">\n\t\t\t\t\t\t\t\t<div class=\"elementor-element elementor-element-60b38ee8 elementor-widget elementor-widget-html\" data-id=\"60b38ee8\" data-element_type=\"widget\" data-widget_type=\"html.default\">\n\t\t\t\t<div class=\"elementor-widget-container\">\n\t\t\t<h1 align=\"center\" style=\"color:#181818;font-size:160%\"><b>Consumo Respons\u00e1vel<\/b><\/h1>\n\t\t<\/div>\n\t\t\t\t<\/div>\n\t\t\t\t\t<\/div>\n\t\t<\/div>\n\t\t\t\t\t\t\t<\/div>\n\t\t<\/section>\n\t\t\t\t<section class=\"elementor-section elementor-top-section elementor-element elementor-element-6d2dca2a elementor-section-boxed elementor-section-height-default elementor-section-height-default\" data-id=\"6d2dca2a\" data-element_type=\"section\">\n\t\t\t\t\t\t<div class=\"elementor-container elementor-column-gap-no\">\n\t\t\t\t\t<div class=\"elementor-column elementor-col-50 elementor-top-column elementor-element elementor-element-553cc643\" data-id=\"553cc643\" data-element_type=\"column\">\n\t\t\t<div class=\"elementor-widget-wrap elementor-element-populated\">\n\t\t\t\t\t\t\t\t<div class=\"elementor-element elementor-element-2a5d5687 elementor-widget elementor-widget-image\" data-id=\"2a5d5687\" data-element_type=\"widget\" data-widget_type=\"image.default\">\n\t\t\t\t<div class=\"elementor-widget-container\">\n\t\t\t\t\t\t\t\t\t\t\t\t\t\t\t<img loading=\"lazy\" decoding=\"async\" width=\"300\" height=\"300\" src=\"https:\/\/hajacorteziawines.pt\/wp-content\/uploads\/2025\/04\/18.png\" class=\"attachment-full size-full wp-image-1721\" alt=\"\" srcset=\"https:\/\/hajacorteziawines.pt\/wp-content\/uploads\/2025\/04\/18.png 300w, https:\/\/hajacorteziawines.pt\/wp-content\/uploads\/2025\/04\/18-150x150.png 150w, https:\/\/hajacorteziawines.pt\/wp-content\/uploads\/2025\/04\/18-12x12.png 12w\" sizes=\"auto, (max-width: 300px) 100vw, 300px\" \/>\t\t\t\t\t\t\t\t\t\t\t\t\t\t\t<\/div>\n\t\t\t\t<\/div>\n\t\t\t\t\t<\/div>\n\t\t<\/div>\n\t\t\t\t<div class=\"elementor-column elementor-col-50 elementor-top-column elementor-element elementor-element-351c8bdb\" data-id=\"351c8bdb\" data-element_type=\"column\">\n\t\t\t<div class=\"elementor-widget-wrap elementor-element-populated\">\n\t\t\t\t\t\t\t\t<div class=\"elementor-element elementor-element-6814b22c elementor-widget elementor-widget-image\" data-id=\"6814b22c\" data-element_type=\"widget\" data-widget_type=\"image.default\">\n\t\t\t\t<div class=\"elementor-widget-container\">\n\t\t\t\t\t\t\t\t\t\t\t\t\t\t\t<img loading=\"lazy\" decoding=\"async\" width=\"300\" height=\"300\" src=\"https:\/\/hajacorteziawines.pt\/wp-content\/uploads\/2025\/04\/prob.png\" class=\"attachment-full size-full wp-image-1722\" alt=\"\" srcset=\"https:\/\/hajacorteziawines.pt\/wp-content\/uploads\/2025\/04\/prob.png 300w, https:\/\/hajacorteziawines.pt\/wp-content\/uploads\/2025\/04\/prob-150x150.png 150w, https:\/\/hajacorteziawines.pt\/wp-content\/uploads\/2025\/04\/prob-12x12.png 12w\" sizes=\"auto, (max-width: 300px) 100vw, 300px\" \/>\t\t\t\t\t\t\t\t\t\t\t\t\t\t\t<\/div>\n\t\t\t\t<\/div>\n\t\t\t\t\t<\/div>\n\t\t<\/div>\n\t\t\t\t\t\t\t<\/div>\n\t\t<\/section>\n\t\t\t\t<section class=\"elementor-section elementor-top-section elementor-element elementor-element-31064fd3 elementor-section-boxed elementor-section-height-default elementor-section-height-default\" data-id=\"31064fd3\" data-element_type=\"section\">\n\t\t\t\t\t\t<div class=\"elementor-container elementor-column-gap-no\">\n\t\t\t\t\t<div class=\"elementor-column elementor-col-100 elementor-top-column elementor-element elementor-element-4d6274ad\" data-id=\"4d6274ad\" data-element_type=\"column\">\n\t\t\t<div class=\"elementor-widget-wrap elementor-element-populated\">\n\t\t\t\t\t\t\t\t<div class=\"elementor-element elementor-element-7bc2c025 elementor-widget elementor-widget-html\" data-id=\"7bc2c025\" data-element_type=\"widget\" data-widget_type=\"html.default\">\n\t\t\t\t<div class=\"elementor-widget-container\">\n\t\t\t<p align=\"center\" style=\"color:#181818;font-size:120%\">\n\nSeja respons\u00e1vel. Beba com modera\u00e7\u00e3o.\n\n<\/p>\t\t<\/div>\n\t\t\t\t<\/div>\n\t\t\t\t\t<\/div>\n\t\t<\/div>\n\t\t\t\t\t\t\t<\/div>\n\t\t<\/section>\n\t\t\t\t<section class=\"elementor-section elementor-top-section elementor-element elementor-element-3bf61314 elementor-section-boxed elementor-section-height-default elementor-section-height-default\" data-id=\"3bf61314\" data-element_type=\"section\">\n\t\t\t\t\t\t<div class=\"elementor-container elementor-column-gap-no\">\n\t\t\t\t\t<div class=\"elementor-column elementor-col-100 elementor-top-column elementor-element elementor-element-32cb1100\" data-id=\"32cb1100\" data-element_type=\"column\">\n\t\t\t<div class=\"elementor-widget-wrap elementor-element-populated\">\n\t\t\t\t\t\t\t\t<div class=\"elementor-element elementor-element-3e45b560 elementor-widget elementor-widget-html\" data-id=\"3e45b560\" data-element_type=\"widget\" data-widget_type=\"html.default\">\n\t\t\t\t<div class=\"elementor-widget-container\">\n\t\t\t<h1 align=\"center\" style=\"color:#181818;font-size:160%\"><b>Sustentabilidade<\/b><\/h1>\t\t<\/div>\n\t\t\t\t<\/div>\n\t\t\t\t<div class=\"elementor-element elementor-element-3fe324bf elementor-widget elementor-widget-image\" data-id=\"3fe324bf\" data-element_type=\"widget\" data-widget_type=\"image.default\">\n\t\t\t\t<div class=\"elementor-widget-container\">\n\t\t\t\t\t\t\t\t\t\t\t\t\t\t\t<img loading=\"lazy\" decoding=\"async\" width=\"90\" height=\"100\" src=\"https:\/\/hajacorteziawines.pt\/wp-content\/uploads\/2025\/04\/reciclagem.png\" class=\"attachment-full size-full wp-image-1717\" alt=\"\" srcset=\"https:\/\/hajacorteziawines.pt\/wp-content\/uploads\/2025\/04\/reciclagem.png 90w, https:\/\/hajacorteziawines.pt\/wp-content\/uploads\/2025\/04\/reciclagem-11x12.png 11w\" sizes=\"auto, (max-width: 90px) 100vw, 90px\" \/>\t\t\t\t\t\t\t\t\t\t\t\t\t\t\t<\/div>\n\t\t\t\t<\/div>\n\t\t\t\t<div class=\"elementor-element elementor-element-69a195fa elementor-widget elementor-widget-html\" data-id=\"69a195fa\" data-element_type=\"widget\" data-widget_type=\"html.default\">\n\t\t\t\t<div class=\"elementor-widget-container\">\n\t\t\t<p align=\"center\" style=\"color:#181818;font-size:120%\">\n\nReciclabilidade\n\n<\/p>\n\t\t<\/div>\n\t\t\t\t<\/div>\n\t\t\t\t\t<\/div>\n\t\t<\/div>\n\t\t\t\t\t\t\t<\/div>\n\t\t<\/section>\n\t\t\t\t<section class=\"elementor-section elementor-top-section elementor-element elementor-element-62515e83 elementor-section-boxed elementor-section-height-default elementor-section-height-default\" data-id=\"62515e83\" data-element_type=\"section\">\n\t\t\t\t\t\t<div class=\"elementor-container elementor-column-gap-no\">\n\t\t\t\t\t<div class=\"elementor-column elementor-col-100 elementor-top-column elementor-element elementor-element-2b143524\" data-id=\"2b143524\" data-element_type=\"column\">\n\t\t\t<div class=\"elementor-widget-wrap elementor-element-populated\">\n\t\t\t\t\t\t\t\t<div class=\"elementor-element elementor-element-49e8db1e elementor-widget elementor-widget-html\" data-id=\"49e8db1e\" data-element_type=\"widget\" data-widget_type=\"html.default\">\n\t\t\t\t<div class=\"elementor-widget-container\">\n\t\t\t<h1 align=\"center\" style=\"color:#181818;font-size:160%\"><b>Operadores Comerciais<\/b><\/h1>\n<br>\n\n<p align=\"justify\" style=\"color:#181818;font-size:120%\">\n\n<b>Produzido e engarrafado por:<\/b><br>\nAnt\u00f3nio Maria Perp\u00e9tuo Duarte<br>\nRua das Eiras n\u00ba32A Cortesia<br>\n2705-576 S\u00e3o Jo\u00e3o das Lampas, Sintra, Portugal\n\n<\/p>\n\t\t<\/div>\n\t\t\t\t<\/div>\n\t\t\t\t\t<\/div>\n\t\t<\/div>\n\t\t\t\t\t\t\t<\/div>\n\t\t<\/section>\n\t\t\t\t<section class=\"elementor-section elementor-top-section elementor-element elementor-element-f0e7146 elementor-section-boxed elementor-section-height-default elementor-section-height-default\" data-id=\"f0e7146\" data-element_type=\"section\">\n\t\t\t\t\t\t<div class=\"elementor-container elementor-column-gap-no\">\n\t\t\t\t\t<div class=\"elementor-column elementor-col-100 elementor-top-column elementor-element elementor-element-3aae610\" data-id=\"3aae610\" data-element_type=\"column\">\n\t\t\t<div class=\"elementor-widget-wrap elementor-element-populated\">\n\t\t\t\t\t\t\t\t<div class=\"elementor-element elementor-element-5efea209 elementor-widget elementor-widget-spacer\" data-id=\"5efea209\" data-element_type=\"widget\" data-widget_type=\"spacer.default\">\n\t\t\t\t<div class=\"elementor-widget-container\">\n\t\t\t\t\t<div class=\"elementor-spacer\">\n\t\t\t<div class=\"elementor-spacer-inner\"><\/div>\n\t\t<\/div>\n\t\t\t\t<\/div>\n\t\t\t\t<\/div>\n\t\t\t\t\t<\/div>\n\t\t<\/div>\n\t\t\t\t\t\t\t<\/div>\n\t\t<\/section>\n\t\t\t\t\t\t\t<\/div>","protected":false},"excerpt":{"rendered":"<p>Vinho Branco Produzido em: Portugal Informa\u00e7\u00e3o do Produto Tipo de produto: Vinho \u00c1lcool: 12,5% vol Quantidade l\u00edquida: 750 ml Cor do vinho: Vinho branco Ingredientes &#8211; Uvas &#8211; Conservantes (sulfitos) Declara\u00e7\u00e3o Nutricional Por 100 ml Energia&nbsp; 299 kJ72 kcal L\u00edpidos&nbsp;&nbsp;&nbsp;dos quais saturados 0 g0 g Hidratos de carbono&nbsp;&nbsp;&nbsp;dos quais a\u00e7\u00facares 0,1 g0,1 g Prote\u00ednas 0 &hellip;<\/p>\n<p class=\"read-more\"> <a class=\"\" href=\"https:\/\/hajacorteziawines.pt\/en\/branco\/\"> <span class=\"screen-reader-text\">Branco<\/span> Read More &raquo;<\/a><\/p>","protected":false},"author":1,"featured_media":0,"parent":0,"menu_order":0,"comment_status":"closed","ping_status":"closed","template":"elementor_canvas","meta":{"site-sidebar-layout":"no-sidebar","site-content-layout":"page-builder","ast-main-header-display":"","ast-hfb-above-header-display":"","ast-hfb-below-header-display":"","ast-hfb-mobile-header-display":"","site-post-title":"disabled","ast-breadcrumbs-content":"","ast-featured-img":"disabled","footer-sml-layout":"","theme-transparent-header-meta":"","adv-header-id-meta":"","stick-header-meta":"","header-above-stick-meta":"","header-main-stick-meta":"","header-below-stick-meta":"","footnotes":""},"class_list":["post-1694","page","type-page","status-publish","hentry"],"_links":{"self":[{"href":"https:\/\/hajacorteziawines.pt\/en\/wp-json\/wp\/v2\/pages\/1694","targetHints":{"allow":["GET"]}}],"collection":[{"href":"https:\/\/hajacorteziawines.pt\/en\/wp-json\/wp\/v2\/pages"}],"about":[{"href":"https:\/\/hajacorteziawines.pt\/en\/wp-json\/wp\/v2\/types\/page"}],"author":[{"embeddable":true,"href":"https:\/\/hajacorteziawines.pt\/en\/wp-json\/wp\/v2\/users\/1"}],"replies":[{"embeddable":true,"href":"https:\/\/hajacorteziawines.pt\/en\/wp-json\/wp\/v2\/comments?post=1694"}],"version-history":[{"count":5,"href":"https:\/\/hajacorteziawines.pt\/en\/wp-json\/wp\/v2\/pages\/1694\/revisions"}],"predecessor-version":[{"id":1758,"href":"https:\/\/hajacorteziawines.pt\/en\/wp-json\/wp\/v2\/pages\/1694\/revisions\/1758"}],"wp:attachment":[{"href":"https:\/\/hajacorteziawines.pt\/en\/wp-json\/wp\/v2\/media?parent=1694"}],"curies":[{"name":"wp","href":"https:\/\/api.w.org\/{rel}","templated":true}]}}