{"id":55,"date":"2021-07-12T20:20:24","date_gmt":"2021-07-12T20:20:24","guid":{"rendered":"https:\/\/hajacorteziawines.pt\/?page_id=55"},"modified":"2021-11-30T15:16:16","modified_gmt":"2021-11-30T15:16:16","slug":"home","status":"publish","type":"page","link":"https:\/\/hajacorteziawines.pt\/en\/","title":{"rendered":"Home"},"content":{"rendered":"<div data-elementor-type=\"wp-page\" data-elementor-id=\"55\" class=\"elementor elementor-55\">\n\t\t\t\t\t\t\t\t\t<section class=\"elementor-section elementor-top-section elementor-element elementor-element-fd69b32 elementor-section-full_width elementor-section-height-default elementor-section-height-default\" data-id=\"fd69b32\" data-element_type=\"section\" data-settings=\"{&quot;background_background&quot;:&quot;slideshow&quot;,&quot;background_slideshow_gallery&quot;:[{&quot;id&quot;:841,&quot;url&quot;:&quot;https:\\\/\\\/hajacorteziawines.pt\\\/wp-content\\\/uploads\\\/2021\\\/11\\\/DSC00872-scaled.jpg&quot;},{&quot;id&quot;:842,&quot;url&quot;:&quot;https:\\\/\\\/hajacorteziawines.pt\\\/wp-content\\\/uploads\\\/2021\\\/11\\\/DSC00729-scaled.jpg&quot;},{&quot;id&quot;:844,&quot;url&quot;:&quot;https:\\\/\\\/hajacorteziawines.pt\\\/wp-content\\\/uploads\\\/2021\\\/11\\\/DSC00833-scaled.jpg&quot;},{&quot;id&quot;:845,&quot;url&quot;:&quot;https:\\\/\\\/hajacorteziawines.pt\\\/wp-content\\\/uploads\\\/2021\\\/11\\\/DSC00834-scaled.jpg&quot;}],&quot;background_slideshow_slide_duration&quot;:10000,&quot;background_slideshow_loop&quot;:&quot;yes&quot;,&quot;background_slideshow_slide_transition&quot;:&quot;fade&quot;,&quot;background_slideshow_transition_duration&quot;:500}\">\n\t\t\t\t\t\t\t<div class=\"elementor-background-overlay\"><\/div>\n\t\t\t\t\t\t\t<div class=\"elementor-container elementor-column-gap-no\">\n\t\t\t\t\t<div class=\"elementor-column elementor-col-100 elementor-top-column elementor-element elementor-element-207faf1\" data-id=\"207faf1\" data-element_type=\"column\">\n\t\t\t<div class=\"elementor-widget-wrap elementor-element-populated\">\n\t\t\t\t\t\t\t\t<div class=\"elementor-element elementor-element-b2fb2d6 elementor-widget elementor-widget-spacer\" data-id=\"b2fb2d6\" data-element_type=\"widget\" data-widget_type=\"spacer.default\">\n\t\t\t\t<div class=\"elementor-widget-container\">\n\t\t\t\t\t<div class=\"elementor-spacer\">\n\t\t\t<div class=\"elementor-spacer-inner\"><\/div>\n\t\t<\/div>\n\t\t\t\t<\/div>\n\t\t\t\t<\/div>\n\t\t\t\t<div class=\"elementor-element elementor-element-7bcd308 elementor-widget elementor-widget-html\" data-id=\"7bcd308\" data-element_type=\"widget\" data-widget_type=\"html.default\">\n\t\t\t\t<div class=\"elementor-widget-container\">\n\t\t\t<h1 style=\"color:white; font-size:400%;\"><center>Tradition and Soul by the Sea<\/center><\/h1>\t\t<\/div>\n\t\t\t\t<\/div>\n\t\t\t\t<div class=\"elementor-element elementor-element-4c0dee6 elementor-align-center elementor-widget elementor-widget-button\" data-id=\"4c0dee6\" data-element_type=\"widget\" data-widget_type=\"button.default\">\n\t\t\t\t<div class=\"elementor-widget-container\">\n\t\t\t\t\t<div class=\"elementor-button-wrapper\">\n\t\t\t<a class=\"elementor-button elementor-button-link elementor-size-md elementor-animation-grow\" href=\"https:\/\/hajacorteziawines.pt\/en\/historia\/\">\n\t\t\t\t\t\t<span class=\"elementor-button-content-wrapper\">\n\t\t\t\t\t\t<span class=\"elementor-button-text\">Our History!<\/span>\n\t\t<\/span>\n\t\t\t\t\t<\/a>\n\t\t<\/div>\n\t\t\t\t<\/div>\n\t\t\t\t<\/div>\n\t\t\t\t<div class=\"elementor-element elementor-element-bd5c492 elementor-widget elementor-widget-spacer\" data-id=\"bd5c492\" data-element_type=\"widget\" data-widget_type=\"spacer.default\">\n\t\t\t\t<div class=\"elementor-widget-container\">\n\t\t\t\t\t<div class=\"elementor-spacer\">\n\t\t\t<div class=\"elementor-spacer-inner\"><\/div>\n\t\t<\/div>\n\t\t\t\t<\/div>\n\t\t\t\t<\/div>\n\t\t\t\t\t<\/div>\n\t\t<\/div>\n\t\t\t\t\t\t\t<\/div>\n\t\t<\/section>\n\t\t\t\t<section class=\"elementor-section elementor-top-section elementor-element elementor-element-67df011 elementor-section-boxed elementor-section-height-default elementor-section-height-default\" data-id=\"67df011\" data-element_type=\"section\" data-settings=\"{&quot;background_background&quot;:&quot;classic&quot;}\">\n\t\t\t\t\t\t<div class=\"elementor-container elementor-column-gap-default\">\n\t\t\t\t\t<div class=\"elementor-column elementor-col-100 elementor-top-column elementor-element elementor-element-52e06bd\" data-id=\"52e06bd\" data-element_type=\"column\">\n\t\t\t<div class=\"elementor-widget-wrap elementor-element-populated\">\n\t\t\t\t\t\t\t\t<div class=\"elementor-element elementor-element-763b0e8 elementor-widget elementor-widget-spacer\" data-id=\"763b0e8\" data-element_type=\"widget\" data-widget_type=\"spacer.default\">\n\t\t\t\t<div class=\"elementor-widget-container\">\n\t\t\t\t\t<div class=\"elementor-spacer\">\n\t\t\t<div class=\"elementor-spacer-inner\"><\/div>\n\t\t<\/div>\n\t\t\t\t<\/div>\n\t\t\t\t<\/div>\n\t\t\t\t\t<\/div>\n\t\t<\/div>\n\t\t\t\t\t\t\t<\/div>\n\t\t<\/section>\n\t\t\t\t<section class=\"elementor-section elementor-top-section elementor-element elementor-element-2a49fe1 elementor-section-boxed elementor-section-height-default elementor-section-height-default\" data-id=\"2a49fe1\" data-element_type=\"section\" data-settings=\"{&quot;background_background&quot;:&quot;classic&quot;}\">\n\t\t\t\t\t\t<div class=\"elementor-container elementor-column-gap-no\">\n\t\t\t\t\t<div class=\"elementor-column elementor-col-50 elementor-top-column elementor-element elementor-element-0d3a7ca\" data-id=\"0d3a7ca\" data-element_type=\"column\" data-settings=\"{&quot;background_background&quot;:&quot;classic&quot;}\">\n\t\t\t<div class=\"elementor-widget-wrap elementor-element-populated\">\n\t\t\t\t\t\t\t\t<div class=\"elementor-element elementor-element-8461f4f elementor-widget elementor-widget-image\" data-id=\"8461f4f\" data-element_type=\"widget\" data-widget_type=\"image.default\">\n\t\t\t\t<div class=\"elementor-widget-container\">\n\t\t\t\t\t\t\t\t\t\t\t\t\t\t\t<img loading=\"lazy\" decoding=\"async\" width=\"1024\" height=\"683\" src=\"https:\/\/hajacorteziawines.pt\/wp-content\/uploads\/2021\/11\/DSC01490-1024x683.jpg\" class=\"attachment-large size-large wp-image-1039\" alt=\"\" srcset=\"https:\/\/hajacorteziawines.pt\/wp-content\/uploads\/2021\/11\/DSC01490-1024x683.jpg 1024w, https:\/\/hajacorteziawines.pt\/wp-content\/uploads\/2021\/11\/DSC01490-300x200.jpg 300w, https:\/\/hajacorteziawines.pt\/wp-content\/uploads\/2021\/11\/DSC01490-768x512.jpg 768w, https:\/\/hajacorteziawines.pt\/wp-content\/uploads\/2021\/11\/DSC01490-1536x1024.jpg 1536w, https:\/\/hajacorteziawines.pt\/wp-content\/uploads\/2021\/11\/DSC01490-2048x1365.jpg 2048w\" sizes=\"auto, (max-width: 1024px) 100vw, 1024px\" \/>\t\t\t\t\t\t\t\t\t\t\t\t\t\t\t<\/div>\n\t\t\t\t<\/div>\n\t\t\t\t\t<\/div>\n\t\t<\/div>\n\t\t\t\t<div class=\"elementor-column elementor-col-50 elementor-top-column elementor-element elementor-element-54d534e\" data-id=\"54d534e\" data-element_type=\"column\" data-settings=\"{&quot;background_background&quot;:&quot;classic&quot;}\">\n\t\t\t<div class=\"elementor-widget-wrap elementor-element-populated\">\n\t\t\t\t\t\t\t\t<div class=\"elementor-element elementor-element-8d03510 elementor-widget elementor-widget-html\" data-id=\"8d03510\" data-element_type=\"widget\" data-widget_type=\"html.default\">\n\t\t\t\t<div class=\"elementor-widget-container\">\n\t\t\t<h1 style=\"color:#181818; font-size:400%;\">Wines<\/h1>\t\t<\/div>\n\t\t\t\t<\/div>\n\t\t\t\t<div class=\"elementor-element elementor-element-7c227ed elementor-widget elementor-widget-html\" data-id=\"7c227ed\" data-element_type=\"widget\" data-widget_type=\"html.default\">\n\t\t\t\t<div class=\"elementor-widget-container\">\n\t\t\t<style>\n\n.horizontal-line {\n  position: relative;\n  width: 120px;\n  height: 2px;\n  background: #94242a;\n  display: inline-block;\n  margin-left: auto;\n  margin-right: auto;\n}\n\n<\/style>\n\n\n<p><span class=\"horizontal-line\"><\/span><\/p>\n<p align=\"justify\">Our wines are hand crafted following the traditional processes and all steps of our production are made in house, from planting the vines to bottling and labelling. Each one of our nectars comes from a different vineyard, therefore from each cordon we get a wine with different characteristics. The essence of our true, <i>Natural Terroir<\/i>. <p>\t\t<\/div>\n\t\t\t\t<\/div>\n\t\t\t\t<div class=\"elementor-element elementor-element-413b591 elementor-align-center elementor-widget elementor-widget-button\" data-id=\"413b591\" data-element_type=\"widget\" data-widget_type=\"button.default\">\n\t\t\t\t<div class=\"elementor-widget-container\">\n\t\t\t\t\t<div class=\"elementor-button-wrapper\">\n\t\t\t<a class=\"elementor-button elementor-button-link elementor-size-md elementor-animation-grow\" href=\"https:\/\/hajacorteziawines.pt\/en\/os-vinhos\/\">\n\t\t\t\t\t\t<span class=\"elementor-button-content-wrapper\">\n\t\t\t\t\t\t<span class=\"elementor-button-text\">EXPLORE<\/span>\n\t\t<\/span>\n\t\t\t\t\t<\/a>\n\t\t<\/div>\n\t\t\t\t<\/div>\n\t\t\t\t<\/div>\n\t\t\t\t\t<\/div>\n\t\t<\/div>\n\t\t\t\t\t\t\t<\/div>\n\t\t<\/section>\n\t\t\t\t<section class=\"elementor-section elementor-top-section elementor-element elementor-element-f576623 elementor-section-boxed elementor-section-height-default elementor-section-height-default\" data-id=\"f576623\" data-element_type=\"section\" data-settings=\"{&quot;background_background&quot;:&quot;classic&quot;}\">\n\t\t\t\t\t\t<div class=\"elementor-container elementor-column-gap-default\">\n\t\t\t\t\t<div class=\"elementor-column elementor-col-100 elementor-top-column elementor-element elementor-element-f1cf6f9\" data-id=\"f1cf6f9\" data-element_type=\"column\">\n\t\t\t<div class=\"elementor-widget-wrap elementor-element-populated\">\n\t\t\t\t\t\t\t\t<div class=\"elementor-element elementor-element-d8d33ea elementor-widget elementor-widget-spacer\" data-id=\"d8d33ea\" data-element_type=\"widget\" data-widget_type=\"spacer.default\">\n\t\t\t\t<div class=\"elementor-widget-container\">\n\t\t\t\t\t<div class=\"elementor-spacer\">\n\t\t\t<div class=\"elementor-spacer-inner\"><\/div>\n\t\t<\/div>\n\t\t\t\t<\/div>\n\t\t\t\t<\/div>\n\t\t\t\t\t<\/div>\n\t\t<\/div>\n\t\t\t\t\t\t\t<\/div>\n\t\t<\/section>\n\t\t\t\t<section class=\"elementor-section elementor-top-section elementor-element elementor-element-15d2b1ce elementor-section-boxed elementor-section-height-default elementor-section-height-default\" data-id=\"15d2b1ce\" data-element_type=\"section\" data-settings=\"{&quot;background_background&quot;:&quot;slideshow&quot;,&quot;background_slideshow_gallery&quot;:[{&quot;id&quot;:887,&quot;url&quot;:&quot;https:\\\/\\\/hajacorteziawines.pt\\\/wp-content\\\/uploads\\\/2021\\\/11\\\/DSC01643-scaled.jpg&quot;},{&quot;id&quot;:872,&quot;url&quot;:&quot;https:\\\/\\\/hajacorteziawines.pt\\\/wp-content\\\/uploads\\\/2021\\\/11\\\/DSC01640-scaled.jpg&quot;},{&quot;id&quot;:888,&quot;url&quot;:&quot;https:\\\/\\\/hajacorteziawines.pt\\\/wp-content\\\/uploads\\\/2021\\\/11\\\/DSC01724-scaled.jpg&quot;}],&quot;background_slideshow_slide_transition&quot;:&quot;slide_left&quot;,&quot;background_slideshow_loop&quot;:&quot;yes&quot;,&quot;background_slideshow_slide_duration&quot;:5000,&quot;background_slideshow_transition_duration&quot;:500}\">\n\t\t\t\t\t\t<div class=\"elementor-container elementor-column-gap-default\">\n\t\t\t\t\t<div class=\"elementor-column elementor-col-25 elementor-top-column elementor-element elementor-element-6254f39\" data-id=\"6254f39\" data-element_type=\"column\">\n\t\t\t<div class=\"elementor-widget-wrap\">\n\t\t\t\t\t\t\t\t\t<\/div>\n\t\t<\/div>\n\t\t\t\t<div class=\"elementor-column elementor-col-50 elementor-top-column elementor-element elementor-element-9082597\" data-id=\"9082597\" data-element_type=\"column\" data-settings=\"{&quot;background_background&quot;:&quot;classic&quot;}\">\n\t\t\t<div class=\"elementor-widget-wrap elementor-element-populated\">\n\t\t\t\t\t\t\t\t<div class=\"elementor-element elementor-element-680d3acb elementor-widget elementor-widget-html\" data-id=\"680d3acb\" data-element_type=\"widget\" data-widget_type=\"html.default\">\n\t\t\t\t<div class=\"elementor-widget-container\">\n\t\t\t<h1><center>\u201cThe best things in life are meant to be shared.\u201d<\/center><\/h1>\t\t<\/div>\n\t\t\t\t<\/div>\n\t\t\t\t<div class=\"elementor-element elementor-element-4ed7684f elementor-widget elementor-widget-html\" data-id=\"4ed7684f\" data-element_type=\"widget\" data-widget_type=\"html.default\">\n\t\t\t\t<div class=\"elementor-widget-container\">\n\t\t\t<style>\n\n.horizontal-line {\n  position: relative;\n  width: 200px;\n  height: 2px;\n  background: #94242a;\n  display: inline-block;\n  margin-left: auto;\n  margin-right: auto;\n}\n\n<\/style>\n\n\n<p><center><span class=\"horizontal-line\"><\/span><\/center><\/p>\n\n<p align=\"justify\">As a small family business, we take pride in showing our winery and seeing you experience the\nwines. Our tastings allow guests to learn about the acclaimed Wine Region of Colares and its\npeculiarities, to taste the wines directly in the wine cellar and visit the vineyards.<\/p>\n\n<p align=\"justify\">Interested? Check our offers of wine tastings, lunch or dinners in more detail.<\/p>\t\t<\/div>\n\t\t\t\t<\/div>\n\t\t\t\t<div class=\"elementor-element elementor-element-b7f6ce8 elementor-widget elementor-widget-html\" data-id=\"b7f6ce8\" data-element_type=\"widget\" data-widget_type=\"html.default\">\n\t\t\t\t<div class=\"elementor-widget-container\">\n\t\t\t<div class=\"elementor-element elementor-element-16db9a40 elementor-align-center elementor-widget elementor-widget-button\" data-id=\"16db9a40\" data-element_type=\"widget\" data-widget_type=\"button.default\">\r\n\t<div class=\"elementor-widget-container\">\r\n\t\t<div class=\"elementor-button-wrapper\">\r\n\t\t\t<a data-no-translation href=\"https:\/\/hajacorteziawines.pt\/wp-content\/documents\/Menus%20HajaCortezia.pdf\" class=\"elementor-button-link elementor-button elementor-size-sm elementor-animation-grow\" role=\"button\">\r\n\t\t\t\t<span class=\"elementor-button-content-wrapper\">\r\n\t\t\t\t\t<span class=\"elementor-button-icon elementor-align-icon-right\">\r\n\t\t\t\t\t\t<i aria-hidden=\"true\" class=\"far fa-file\"><\/i>\t\t\t<\/span>\r\n\t\t\t\t\t\t<span class=\"elementor-button-text\">Menus<\/span>\r\n\t\t\t\t\t<\/span>\r\n\t\t\t\t<\/a>\r\n\t\t\t<\/div>\r\n\t\t<\/div>\r\n\t<\/div>\t\t<\/div>\n\t\t\t\t<\/div>\n\t\t\t\t<div class=\"elementor-element elementor-element-16db9a40 elementor-align-center elementor-hidden-desktop elementor-hidden-tablet elementor-hidden-mobile elementor-widget elementor-widget-button\" data-id=\"16db9a40\" data-element_type=\"widget\" data-widget_type=\"button.default\">\n\t\t\t\t<div class=\"elementor-widget-container\">\n\t\t\t\t\t<div class=\"elementor-button-wrapper\">\n\t\t\t<a class=\"elementor-button elementor-button-link elementor-size-sm elementor-animation-grow\" href=\"https:\/\/hajacorteziawines.pt\/wp-content\/documents\/Menus HajaCortezia.pdf\">\n\t\t\t\t\t\t<span class=\"elementor-button-content-wrapper\">\n\t\t\t\t\t\t<span class=\"elementor-button-icon elementor-align-icon-right\">\n\t\t\t\t<i aria-hidden=\"true\" class=\"far fa-file\"><\/i>\t\t\t<\/span>\n\t\t\t\t\t\t<span class=\"elementor-button-text\">Menus<\/span>\n\t\t<\/span>\n\t\t\t\t\t<\/a>\n\t\t<\/div>\n\t\t\t\t<\/div>\n\t\t\t\t<\/div>\n\t\t\t\t\t<\/div>\n\t\t<\/div>\n\t\t\t\t<div class=\"elementor-column elementor-col-25 elementor-top-column elementor-element elementor-element-637ddb71\" data-id=\"637ddb71\" data-element_type=\"column\">\n\t\t\t<div class=\"elementor-widget-wrap\">\n\t\t\t\t\t\t\t\t\t<\/div>\n\t\t<\/div>\n\t\t\t\t\t\t\t<\/div>\n\t\t<\/section>\n\t\t\t\t\t\t\t<\/div>","protected":false},"excerpt":{"rendered":"<p>Tradi\u00e7\u00e3o e Alma \u00e0 Beira-Mar A Nossa Hist\u00f3ria! Os Vinhos Os Vinhos HajaCorteziaWines s\u00e3o elaborados de maneira totalmente artesanal com processos ancestrais e toda a nossa produ\u00e7\u00e3o depende de n\u00f3s desde a planta\u00e7\u00e3o \u00e0 venda. Os nossos n\u00e9ctares s\u00e3o todos provenientes de diferentes tal\u00f5es de vinha, onde em cada tal\u00e3o surge cada vinho, da\u00ed resulta &hellip;<\/p>\n<p class=\"read-more\"> <a class=\"\" href=\"https:\/\/hajacorteziawines.pt\/en\/\"> <span class=\"screen-reader-text\">Home<\/span> Read More &raquo;<\/a><\/p>","protected":false},"author":1,"featured_media":0,"parent":0,"menu_order":0,"comment_status":"closed","ping_status":"closed","template":"elementor_header_footer","meta":{"site-sidebar-layout":"no-sidebar","site-content-layout":"page-builder","ast-main-header-display":"","ast-hfb-above-header-display":"","ast-hfb-below-header-display":"","ast-hfb-mobile-header-display":"","site-post-title":"disabled","ast-breadcrumbs-content":"","ast-featured-img":"disabled","footer-sml-layout":"","theme-transparent-header-meta":"enabled","adv-header-id-meta":"","stick-header-meta":"","header-above-stick-meta":"","header-main-stick-meta":"","header-below-stick-meta":"","footnotes":""},"class_list":["post-55","page","type-page","status-publish","hentry"],"_links":{"self":[{"href":"https:\/\/hajacorteziawines.pt\/en\/wp-json\/wp\/v2\/pages\/55","targetHints":{"allow":["GET"]}}],"collection":[{"href":"https:\/\/hajacorteziawines.pt\/en\/wp-json\/wp\/v2\/pages"}],"about":[{"href":"https:\/\/hajacorteziawines.pt\/en\/wp-json\/wp\/v2\/types\/page"}],"author":[{"embeddable":true,"href":"https:\/\/hajacorteziawines.pt\/en\/wp-json\/wp\/v2\/users\/1"}],"replies":[{"embeddable":true,"href":"https:\/\/hajacorteziawines.pt\/en\/wp-json\/wp\/v2\/comments?post=55"}],"version-history":[{"count":5,"href":"https:\/\/hajacorteziawines.pt\/en\/wp-json\/wp\/v2\/pages\/55\/revisions"}],"predecessor-version":[{"id":1609,"href":"https:\/\/hajacorteziawines.pt\/en\/wp-json\/wp\/v2\/pages\/55\/revisions\/1609"}],"wp:attachment":[{"href":"https:\/\/hajacorteziawines.pt\/en\/wp-json\/wp\/v2\/media?parent=55"}],"curies":[{"name":"wp","href":"https:\/\/api.w.org\/{rel}","templated":true}]}}